{"id":296,"date":"2014-07-08T12:50:07","date_gmt":"2014-07-08T11:50:07","guid":{"rendered":"https:\/\/www.reining.eu\/?page_id=296"},"modified":"2014-09-16T09:09:35","modified_gmt":"2014-09-16T08:09:35","slug":"hygieneindustrie","status":"publish","type":"page","link":"https:\/\/www.reining.eu\/de\/industrieen\/hygieneindustrie\/","title":{"rendered":"Transport f\u00fcr die Hygieneindustrie"},"content":{"rendered":"<p>Unsere Jumbo-Gliederz\u00fcge sind ideal f\u00fcr leichte und volumin\u00f6se G\u00fcter in der Hygieneindustrie. Windeln, Taschent\u00fccher, Toilettenpapier und andere Hygieneprodukte: Mit jeder Sendung k\u00f6nnen wir 38 Europalettenstellpl\u00e4tze mit einer maximalen H\u00f6he von 3,0 Metern f\u00fcr Sie laden. Reining hat \u00fcber 30 Jahre Erfahrung in der europ\u00e4ischen Hygieneindustrie.<\/p>\n<p><img loading=\"lazy\" decoding=\"async\" class=\"alignnone size-medium wp-image-507\" src=\"https:\/\/www.reining.eu\/uploads\/2014\/06\/iStock_000025217201Small-598x397.jpg\" alt=\"Printing paper storage\" width=\"598\" height=\"397\" srcset=\"https:\/\/www.reining.eu\/uploads\/2014\/06\/iStock_000025217201Small-598x397.jpg 598w, https:\/\/www.reining.eu\/uploads\/2014\/06\/iStock_000025217201Small.jpg 849w\" sizes=\"auto, (max-width: 598px) 100vw, 598px\" \/><\/p>\n","protected":false},"excerpt":{"rendered":"<p>Unsere Jumbo-Gliederz\u00fcge sind ideal f\u00fcr leichte und volumin\u00f6se G\u00fcter in der Hygieneindustrie. Windeln, Taschent\u00fccher, Toilettenpapier und andere Hygieneprodukte: Mit jeder Sendung k\u00f6nnen wir 38 Europalettenstellpl\u00e4tze mit einer maximalen H\u00f6he von 3,0 Metern f\u00fcr Sie laden. Reining hat \u00fcber 30 Jahre Erfahrung in der europ\u00e4ischen Hygieneindustrie.<\/p>\n","protected":false},"author":8,"featured_media":0,"parent":284,"menu_order":0,"comment_status":"open","ping_status":"open","template":"","meta":{"_acf_changed":false,"footnotes":""},"class_list":["post-296","page","type-page","status-publish","hentry"],"acf":[],"yoast_head":"<!-- This site is optimized with the Yoast SEO plugin v27.3 - https:\/\/yoast.com\/product\/yoast-seo-wordpress\/ -->\n<title>Transport f\u00fcr die Hygieneindustrie - Reining<\/title>\n<meta name=\"robots\" content=\"index, follow, max-snippet:-1, max-image-preview:large, max-video-preview:-1\" \/>\n<link rel=\"canonical\" href=\"https:\/\/www.reining.eu\/de\/industrieen\/hygieneindustrie\/\" \/>\n<meta property=\"og:locale\" content=\"de_DE\" \/>\n<meta property=\"og:type\" content=\"article\" \/>\n<meta property=\"og:title\" content=\"Transport f\u00fcr die Hygieneindustrie - Reining\" \/>\n<meta property=\"og:description\" content=\"Unsere Jumbo-Gliederz\u00fcge sind ideal f\u00fcr leichte und volumin\u00f6se G\u00fcter in der Hygieneindustrie. Windeln, Taschent\u00fccher, Toilettenpapier und andere Hygieneprodukte: Mit jeder Sendung k\u00f6nnen wir 38 Europalettenstellpl\u00e4tze mit einer maximalen H\u00f6he von 3,0 Metern f\u00fcr Sie laden. Reining hat \u00fcber 30 Jahre Erfahrung in der europ\u00e4ischen Hygieneindustrie.\" \/>\n<meta property=\"og:url\" content=\"https:\/\/www.reining.eu\/de\/industrieen\/hygieneindustrie\/\" \/>\n<meta property=\"og:site_name\" content=\"Reining\" \/>\n<meta property=\"article:modified_time\" content=\"2014-09-16T08:09:35+00:00\" \/>\n<meta property=\"og:image\" content=\"https:\/\/www.reining.eu\/uploads\/2014\/06\/iStock_000025217201Small-598x397.jpg\" \/>\n<meta name=\"twitter:card\" content=\"summary_large_image\" \/>\n<script type=\"application\/ld+json\" class=\"yoast-schema-graph\">{\"@context\":\"https:\\\/\\\/schema.org\",\"@graph\":[{\"@type\":\"WebPage\",\"@id\":\"https:\\\/\\\/www.reining.eu\\\/de\\\/industrieen\\\/hygieneindustrie\\\/\",\"url\":\"https:\\\/\\\/www.reining.eu\\\/de\\\/industrieen\\\/hygieneindustrie\\\/\",\"name\":\"Transport f\u00fcr die Hygieneindustrie - Reining\",\"isPartOf\":{\"@id\":\"https:\\\/\\\/www.reining.eu\\\/#website\"},\"primaryImageOfPage\":{\"@id\":\"https:\\\/\\\/www.reining.eu\\\/de\\\/industrieen\\\/hygieneindustrie\\\/#primaryimage\"},\"image\":{\"@id\":\"https:\\\/\\\/www.reining.eu\\\/de\\\/industrieen\\\/hygieneindustrie\\\/#primaryimage\"},\"thumbnailUrl\":\"https:\\\/\\\/www.reining.eu\\\/uploads\\\/2014\\\/06\\\/iStock_000025217201Small-598x397.jpg\",\"datePublished\":\"2014-07-08T11:50:07+00:00\",\"dateModified\":\"2014-09-16T08:09:35+00:00\",\"breadcrumb\":{\"@id\":\"https:\\\/\\\/www.reining.eu\\\/de\\\/industrieen\\\/hygieneindustrie\\\/#breadcrumb\"},\"inLanguage\":\"de\",\"potentialAction\":[{\"@type\":\"ReadAction\",\"target\":[\"https:\\\/\\\/www.reining.eu\\\/de\\\/industrieen\\\/hygieneindustrie\\\/\"]}]},{\"@type\":\"ImageObject\",\"inLanguage\":\"de\",\"@id\":\"https:\\\/\\\/www.reining.eu\\\/de\\\/industrieen\\\/hygieneindustrie\\\/#primaryimage\",\"url\":\"https:\\\/\\\/www.reining.eu\\\/uploads\\\/2014\\\/06\\\/iStock_000025217201Small-598x397.jpg\",\"contentUrl\":\"https:\\\/\\\/www.reining.eu\\\/uploads\\\/2014\\\/06\\\/iStock_000025217201Small-598x397.jpg\"},{\"@type\":\"BreadcrumbList\",\"@id\":\"https:\\\/\\\/www.reining.eu\\\/de\\\/industrieen\\\/hygieneindustrie\\\/#breadcrumb\",\"itemListElement\":[{\"@type\":\"ListItem\",\"position\":1,\"name\":\"Home\",\"item\":\"https:\\\/\\\/www.reining.eu\\\/de\\\/\"},{\"@type\":\"ListItem\",\"position\":2,\"name\":\"Industrien\",\"item\":\"https:\\\/\\\/www.reining.eu\\\/de\\\/industrieen\\\/\"},{\"@type\":\"ListItem\",\"position\":3,\"name\":\"Transport f\u00fcr die Hygieneindustrie\"}]},{\"@type\":\"WebSite\",\"@id\":\"https:\\\/\\\/www.reining.eu\\\/#website\",\"url\":\"https:\\\/\\\/www.reining.eu\\\/\",\"name\":\"Reining\",\"description\":\"provides integrated transport solutions\",\"potentialAction\":[{\"@type\":\"SearchAction\",\"target\":{\"@type\":\"EntryPoint\",\"urlTemplate\":\"https:\\\/\\\/www.reining.eu\\\/?s={search_term_string}\"},\"query-input\":{\"@type\":\"PropertyValueSpecification\",\"valueRequired\":true,\"valueName\":\"search_term_string\"}}],\"inLanguage\":\"de\"}]}<\/script>\n<!-- \/ Yoast SEO plugin. -->","yoast_head_json":{"title":"Transport f\u00fcr die Hygieneindustrie - Reining","robots":{"index":"index","follow":"follow","max-snippet":"max-snippet:-1","max-image-preview":"max-image-preview:large","max-video-preview":"max-video-preview:-1"},"canonical":"https:\/\/www.reining.eu\/de\/industrieen\/hygieneindustrie\/","og_locale":"de_DE","og_type":"article","og_title":"Transport f\u00fcr die Hygieneindustrie - Reining","og_description":"Unsere Jumbo-Gliederz\u00fcge sind ideal f\u00fcr leichte und volumin\u00f6se G\u00fcter in der Hygieneindustrie. Windeln, Taschent\u00fccher, Toilettenpapier und andere Hygieneprodukte: Mit jeder Sendung k\u00f6nnen wir 38 Europalettenstellpl\u00e4tze mit einer maximalen H\u00f6he von 3,0 Metern f\u00fcr Sie laden. Reining hat \u00fcber 30 Jahre Erfahrung in der europ\u00e4ischen Hygieneindustrie.","og_url":"https:\/\/www.reining.eu\/de\/industrieen\/hygieneindustrie\/","og_site_name":"Reining","article_modified_time":"2014-09-16T08:09:35+00:00","og_image":[{"url":"https:\/\/www.reining.eu\/uploads\/2014\/06\/iStock_000025217201Small-598x397.jpg","type":"","width":"","height":""}],"twitter_card":"summary_large_image","schema":{"@context":"https:\/\/schema.org","@graph":[{"@type":"WebPage","@id":"https:\/\/www.reining.eu\/de\/industrieen\/hygieneindustrie\/","url":"https:\/\/www.reining.eu\/de\/industrieen\/hygieneindustrie\/","name":"Transport f\u00fcr die Hygieneindustrie - Reining","isPartOf":{"@id":"https:\/\/www.reining.eu\/#website"},"primaryImageOfPage":{"@id":"https:\/\/www.reining.eu\/de\/industrieen\/hygieneindustrie\/#primaryimage"},"image":{"@id":"https:\/\/www.reining.eu\/de\/industrieen\/hygieneindustrie\/#primaryimage"},"thumbnailUrl":"https:\/\/www.reining.eu\/uploads\/2014\/06\/iStock_000025217201Small-598x397.jpg","datePublished":"2014-07-08T11:50:07+00:00","dateModified":"2014-09-16T08:09:35+00:00","breadcrumb":{"@id":"https:\/\/www.reining.eu\/de\/industrieen\/hygieneindustrie\/#breadcrumb"},"inLanguage":"de","potentialAction":[{"@type":"ReadAction","target":["https:\/\/www.reining.eu\/de\/industrieen\/hygieneindustrie\/"]}]},{"@type":"ImageObject","inLanguage":"de","@id":"https:\/\/www.reining.eu\/de\/industrieen\/hygieneindustrie\/#primaryimage","url":"https:\/\/www.reining.eu\/uploads\/2014\/06\/iStock_000025217201Small-598x397.jpg","contentUrl":"https:\/\/www.reining.eu\/uploads\/2014\/06\/iStock_000025217201Small-598x397.jpg"},{"@type":"BreadcrumbList","@id":"https:\/\/www.reining.eu\/de\/industrieen\/hygieneindustrie\/#breadcrumb","itemListElement":[{"@type":"ListItem","position":1,"name":"Home","item":"https:\/\/www.reining.eu\/de\/"},{"@type":"ListItem","position":2,"name":"Industrien","item":"https:\/\/www.reining.eu\/de\/industrieen\/"},{"@type":"ListItem","position":3,"name":"Transport f\u00fcr die Hygieneindustrie"}]},{"@type":"WebSite","@id":"https:\/\/www.reining.eu\/#website","url":"https:\/\/www.reining.eu\/","name":"Reining","description":"provides integrated transport solutions","potentialAction":[{"@type":"SearchAction","target":{"@type":"EntryPoint","urlTemplate":"https:\/\/www.reining.eu\/?s={search_term_string}"},"query-input":{"@type":"PropertyValueSpecification","valueRequired":true,"valueName":"search_term_string"}}],"inLanguage":"de"}]}},"_links":{"self":[{"href":"https:\/\/www.reining.eu\/de\/wp-json\/wp\/v2\/pages\/296","targetHints":{"allow":["GET"]}}],"collection":[{"href":"https:\/\/www.reining.eu\/de\/wp-json\/wp\/v2\/pages"}],"about":[{"href":"https:\/\/www.reining.eu\/de\/wp-json\/wp\/v2\/types\/page"}],"author":[{"embeddable":true,"href":"https:\/\/www.reining.eu\/de\/wp-json\/wp\/v2\/users\/8"}],"replies":[{"embeddable":true,"href":"https:\/\/www.reining.eu\/de\/wp-json\/wp\/v2\/comments?post=296"}],"version-history":[{"count":5,"href":"https:\/\/www.reining.eu\/de\/wp-json\/wp\/v2\/pages\/296\/revisions"}],"predecessor-version":[{"id":812,"href":"https:\/\/www.reining.eu\/de\/wp-json\/wp\/v2\/pages\/296\/revisions\/812"}],"up":[{"embeddable":true,"href":"https:\/\/www.reining.eu\/de\/wp-json\/wp\/v2\/pages\/284"}],"wp:attachment":[{"href":"https:\/\/www.reining.eu\/de\/wp-json\/wp\/v2\/media?parent=296"}],"curies":[{"name":"wp","href":"https:\/\/api.w.org\/{rel}","templated":true}]}}